{"id":21,"date":"2011-06-11T13:55:03","date_gmt":"2011-06-11T13:55:03","guid":{"rendered":"http:\/\/reimer-wulf.de\/news\/?page_id=21"},"modified":"2023-02-28T18:47:35","modified_gmt":"2023-02-28T17:47:35","slug":"uber-reimer-wulf","status":"publish","type":"page","link":"https:\/\/reimer-wulf.de\/news\/uber-reimer-wulf\/","title":{"rendered":"\u00dcber REIMER WULF"},"content":{"rendered":"<p>Nach der Ausbildung bei namhaften Hamburger Fotografen ist Reimer Wulf seit 1978 freischaffend t\u00e4tig. Er spezialisierte sich auf die gestaltende Luftbildfotografie mit den Schwerpunkten Architektur und Stadtlandschaft. Unter anderem dokumentierte er die baulichen Ver\u00e4nderungen in Hamburg, Berlin, Schwerin und Dresden. Er arbeitet f\u00fcr gro\u00dfe Zeitungen und Zeitschriften, f\u00fcr St\u00e4dteplaner und Architekten sowie die Bundesregierung. Mit seinen Ausstellungen und Bildb\u00e4nden ist er seit Jahrzehnten erfolgreich.<\/p>\n<p>Reimer Wulf ist Mitglied der<a href=\"\/\/www.dgph.de\/\" target=\"_blank\" rel=\"noopener\"> Deutschen Gesellschaft f\u00fcr Photographie (DGPh)<\/a><\/p>\n<p style=\"text-align: center;\"><img loading=\"lazy\" decoding=\"async\" class=\"size-medium wp-image-33 alignleft\" title=\"Reimer Wulf\" src=\"https:\/\/reimer-wulf.de\/news\/wp-content\/uploads\/2011\/06\/ReimerWulf_deh1-300x204.jpg\" alt=\"\" width=\"300\" height=\"204\" srcset=\"https:\/\/reimer-wulf.de\/news\/wp-content\/uploads\/2011\/06\/ReimerWulf_deh1-300x204.jpg 300w, https:\/\/reimer-wulf.de\/news\/wp-content\/uploads\/2011\/06\/ReimerWulf_deh1-292x200.jpg 292w, https:\/\/reimer-wulf.de\/news\/wp-content\/uploads\/2011\/06\/ReimerWulf_deh1.jpg 347w\" sizes=\"auto, (max-width: 300px) 100vw, 300px\" \/><\/p>\n<p><a href=\"https:\/\/www.berlin-fotografie.de\" target=\"_blank\" rel=\"noopener\">\u00a9 Dieter E. Hoppe<\/a><\/p>\n<p><strong>Mail: info@reimer-wulf.de<\/strong><\/p>\n<p><strong>Mobil: 0172 406 84 62<\/strong><\/p>\n<hr \/>\n<p><a href=\"\/\/de.wikipedia.org\/wiki\/Reimer_Wulf\" target=\"_blank\" rel=\"noopener\"><strong>Wikipedia<\/strong><\/a><\/p>\n<p><a href=\"https:\/\/reimer-wulf.de\/news\/2012\/08\/06\/bildgeschichten\/\" target=\"_blank\" rel=\"noopener\"><strong>Bildgeschichten<\/strong><\/a><\/p>\n","protected":false},"excerpt":{"rendered":"<p>Nach der Ausbildung bei namhaften Hamburger Fotografen ist Reimer Wulf seit 1978 freischaffend t\u00e4tig. Er spezialisierte sich auf die gestaltende Luftbildfotografie mit den Schwerpunkten Architektur [&#8230;]<\/p>\n","protected":false},"author":3,"featured_media":0,"parent":0,"menu_order":0,"comment_status":"open","ping_status":"open","template":"","meta":{"ngg_post_thumbnail":0,"footnotes":""},"class_list":["post-21","page","type-page","status-publish","hentry"],"_links":{"self":[{"href":"https:\/\/reimer-wulf.de\/news\/wp-json\/wp\/v2\/pages\/21","targetHints":{"allow":["GET"]}}],"collection":[{"href":"https:\/\/reimer-wulf.de\/news\/wp-json\/wp\/v2\/pages"}],"about":[{"href":"https:\/\/reimer-wulf.de\/news\/wp-json\/wp\/v2\/types\/page"}],"author":[{"embeddable":true,"href":"https:\/\/reimer-wulf.de\/news\/wp-json\/wp\/v2\/users\/3"}],"replies":[{"embeddable":true,"href":"https:\/\/reimer-wulf.de\/news\/wp-json\/wp\/v2\/comments?post=21"}],"version-history":[{"count":21,"href":"https:\/\/reimer-wulf.de\/news\/wp-json\/wp\/v2\/pages\/21\/revisions"}],"predecessor-version":[{"id":1266,"href":"https:\/\/reimer-wulf.de\/news\/wp-json\/wp\/v2\/pages\/21\/revisions\/1266"}],"wp:attachment":[{"href":"https:\/\/reimer-wulf.de\/news\/wp-json\/wp\/v2\/media?parent=21"}],"curies":[{"name":"wp","href":"https:\/\/api.w.org\/{rel}","templated":true}]}}