{"id":18,"date":"2011-06-11T13:35:05","date_gmt":"2011-06-11T13:35:05","guid":{"rendered":"http:\/\/reimer-wulf.de\/news\/?page_id=18"},"modified":"2023-02-28T18:43:42","modified_gmt":"2023-02-28T17:43:42","slug":"impressum","status":"publish","type":"page","link":"https:\/\/reimer-wulf.de\/news\/impressum\/","title":{"rendered":"Impressum"},"content":{"rendered":"<p>Pflichtangaben nach \u00a7 5 Telemediengesetz (TMG) und \u00a7 55 RStV<\/p>\n<p>Verantwortlich f\u00fcr den redaktionellen Inhalt<br \/>\nund das Design dieser Website ist:<\/p>\n<p>REIMER WULF<br \/>\nFotograf<\/p>\n<p>Osterfeld 10<br \/>\n25336 Elmshorn<\/p>\n<p>Telefon: 04121-95380<\/p>\n<p>UmStId-Nr.: DE<\/p>\n<p>Haftungsausschluss<\/p>\n<p>1.Inhalt des Onlineangebotes<\/p>\n<p>Der Autor \u00fcbernimmt keinerlei Gew\u00e4hr f\u00fcr<br \/>\ndie Aktualit\u00e4t, Korrektheit, Vollst\u00e4ndigkeit oder Qualit\u00e4t<br \/>\nder bereitgestellten Informationen. Haftungsanspr\u00fcche gegen<br \/>\nden Autoren, welche sich auf Sch\u00e4den materieller<br \/>\noder ideeller Art beziehen, die durch die Nutzung oder Nichtnutzung<br \/>\nder dargebotenen Informationen bzw. durch die Nutzung fehlerhafter<br \/>\nund unvollst\u00e4ndiger Informationen verursacht wurden,<br \/>\nsind grunds\u00e4tzlich ausgeschlossen, sofern seitens<br \/>\nder Autoren kein nachweislich vors\u00e4tzliches oder grob fahrl\u00e4ssiges<br \/>\nVerschulden vorliegt.<br \/>\nAlle Angebote sind freibleibend und unverbindlich.<br \/>\nDer Autor beh\u00e4lt es sich ausdr\u00fccklich vor, Teile der Seiten<br \/>\noder das gesamte Angebot ohne gesonderte Ank\u00fcndigung<br \/>\nzu ver\u00e4ndern, zu erg\u00e4nzen, zu l\u00f6schen<br \/>\noder die Ver\u00f6ffentlichung zeitweise oder endg\u00fcltig<br \/>\neinzustellen.<\/p>\n<p>2. Verweise und Links<\/p>\n<p>Bei direkten oder indirekten Verweisen auf fremde Webseiten<br \/>\n(&#8222;Hyperlinks&#8220;), die au\u00dferhalb des Verantwortungsbereiches<br \/>\ndes Autoren liegen, w\u00fcrde eine Haftungsverpflichtung<br \/>\nausschlie\u00dflich in dem Fall in Kraft treten,<br \/>\nin dem der Autor von den Inhalten Kenntnis<br \/>\nhat und es ihm technisch m\u00f6glich und zumutbar w\u00e4re,<br \/>\ndie Nutzung im Falle rechtswidriger Inhalte zu verhindern.<br \/>\nDer Autor erkl\u00e4rt hiermit ausdr\u00fccklich,<br \/>\ndass zum Zeitpunkt der Linksetzung keine illegalen Inhalte<br \/>\nauf den zu verlinkenden Seiten erkennbar<br \/>\nwaren. Auf die aktuelle und zuk\u00fcnftige Gestaltung,<br \/>\ndie Inhalte oder die Urheberschaft der gelinkten\/verkn\u00fcpften<br \/>\nSeiten hat der Autor keinerlei Einfluss.<br \/>\nDeshalb distanziert er sich hiermit ausdr\u00fccklich<br \/>\nvon allen Inhalten aller gelinkten \/verkn\u00fcpften Seiten,<br \/>\ndie nach der Linksetzung ver\u00e4ndert wurden.<br \/>\nDiese Feststellung gilt f\u00fcr alle innerhalb des eigenen<br \/>\nInternetangebotes gesetzten Links und Verweise<br \/>\nsowie f\u00fcr Fremdeintr\u00e4ge in vom Autoren eingerichteten<br \/>\nG\u00e4steb\u00fcchern, Diskussionsforen und Mailinglisten.<br \/>\nF\u00fcr illegale, fehlerhafte oder<br \/>\nunvollst\u00e4ndige Inhalte und insbesondere f\u00fcr<br \/>\nSch\u00e4den, die aus der Nutzung oder Nichtnutzung<br \/>\nsolcherart dargebotener Informationen entstehen,<br \/>\nhaftet allein der Anbieter der Seite, auf welche verwiesen wurde,<br \/>\nnicht derjenige,der \u00fcber Links auf die<br \/>\njeweilige Ver\u00f6ffentlichung lediglich verweist.<\/p>\n<p>3. Urheber- und Kennzeichenrecht<\/p>\n<p>Der Autor ist bestrebt, in allen Publikationen die Urheberrechte<br \/>\nder verwendeten Grafiken, Tondokumente, Videosequenzen und Texte<br \/>\nzu beachten, von ihnen selbst erstellte Grafiken, Tondokumente,<br \/>\nVideosequenzen und Texte zu nutzen oder auf lizenzfreie Grafiken,<br \/>\nTondokumente, Videosequenzen und Texte zur\u00fcckzugreifen.<br \/>\nAlle innerhalb des Internetangebotes genannten und ggf.<br \/>\ndurch Dritte gesch\u00fctzten<br \/>\nMarken- und Warenzeichen unterliegen uneingeschr\u00e4nkt<br \/>\nden Bestimmungen des jeweils g\u00fcltigen Kennzeichenrechts<br \/>\nund den Besitzrechten der<br \/>\njeweiligen eingetragenen Eigent\u00fcmer.<br \/>\nAllein aufgrund der blo\u00dfen<br \/>\nNennung ist nicht der Schluss zu ziehen,<br \/>\ndass Markenzeichen nicht durch<br \/>\nRechte Dritter gesch\u00fctzt sind!<br \/>\nDas Copyright f\u00fcr ver\u00f6ffentlichte,<br \/>\nvon den Autoren selbst erstellte Objekte bleibt allein<br \/>\nbei den Autoren der Seiten. Eine Vervielf\u00e4ltigung<br \/>\noder Verwendung solcher Grafiken, Tondokumente, Videosequenzen<br \/>\nund Texte in anderen elektronischen oder gedruckten<br \/>\nPublikationen ist ohne ausdr\u00fcckliche Zustimmung<br \/>\nder Autoren nicht gestattet.<\/p>\n<p>4. Datenschutz<\/p>\n<p>Sofern innerhalb des Internetangebotes die M\u00f6glichkeit<br \/>\nzur Eingabe pers\u00f6nlicher oder gesch\u00e4ftlicher Daten<br \/>\n(Emailadressen, Namen, Anschriften) besteht, so erfolgt<br \/>\ndie Preisgabe dieser Daten seitens des Nutzers auf ausdr\u00fccklich<br \/>\nfreiwilliger Basis. Die Inanspruchnahme und Bezahlung aller<br \/>\nangebotenen Dienste ist &#8211; soweit technisch m\u00f6glich<br \/>\nund zumutbar &#8211; auch ohne Angabe solcher Daten bzw. unter Angabe<br \/>\nanonymisierter Daten oder eines Pseudonyms gestattet.<br \/>\nDie Nutzung der im Rahmen des Impressums<br \/>\noder vergleichbarer Angaben ver\u00f6ffentlichten Kontaktdaten<br \/>\nwie Postanschriften, Telefon- und Faxnummern sowie Emailadressen<br \/>\ndurch Dritte zur \u00dcbersendung<br \/>\nvon nicht ausdr\u00fccklich angeforderten Informationen<br \/>\nist nicht gestattet.<br \/>\nRechtliche Schritte gegen die Versender von sogenannten<br \/>\nSpam-Mails bei Verst\u00f6ssen gegen dieses Verbot<br \/>\nsind ausdr\u00fccklich vorbehalten.<\/p>\n<p>5. Rechtswirksamkeit dieses Haftungsausschlusses<\/p>\n<p>Dieser Haftungsausschluss ist als Teil des Internetangebotes<br \/>\nzu betrachten, von dem aus auf diese Seite verwiesen wurde.<br \/>\nSofern Teile oder einzelne Formulierungen dieses Textes<br \/>\nder geltenden Rechtslage nicht,<br \/>\nnicht mehr oder nicht vollst\u00e4ndig entsprechen sollten,<br \/>\nbleiben die \u00fcbrigen Teile des Dokumentes in ihrem Inhalt<br \/>\nund ihrer G\u00fcltigkeit davon unber\u00fchrt.<\/p>\n<p>REIMER WULF<br \/>\nElmshorn, 14. Februar 2017<\/p>\n<p>&nbsp;<\/p>\n<p><a title=\"berlin-fotografie.de\" href=\"https:\/\/www.berlin-fotografie.de\" target=\"_blank\" rel=\"noopener\">Gestaltung dieser website Dieter E. Hoppe \/ berlin-fotografie.de<\/a><\/p>\n<p>&nbsp;<\/p>\n<p>Disclaimer<\/p>\n<p>1. Content<\/p>\n<p>The author reserves the right not to be responsible for the topicality, correctness, completeness or quality of the information provided. Liability claims regarding damage caused by the use of any information provided, including any kind of information which is incomplete or incorrect,will therefore be rejected.<br \/>\nAll offers are not-binding and without obligation. Parts of the pages or the complete publication including all offers and information might be extended, changed or partly or completely deleted by the author without separate announcement.<\/p>\n<p>2. Referrals and links<\/p>\n<p>The author is not responsible for any contents linked or referred to from his pages &#8211; unless he has full knowledge of illegal contents and would be able to prevent the visitors of his site fromviewing those pages. If any damage occurs by the use of information presented there, only the author of the respective pages might be liable, not the one who has linked to these pages. Furthermore the author is not liable for any postings or messages published by users of discussion boards, guestbooks or mailinglists provided on his page.<\/p>\n<p>3. Copyright<\/p>\n<p>The author intended not to use any copyrighted material for the publication or, if not possible, to indicatethe copyright of the respective object.<br \/>\nThe copyright for any material created by the author is reserved. Any duplication or use of objects such as diagrams,&nbsp;&nbsp;&nbsp;&nbsp; sounds or texts in other electronic or printed publications is not permitted without the author&#8217;s agreement.<\/p>\n<p>4. Privacy policy<\/p>\n<p>If the opportunity for the input of personal or business data (email addresses, name, addresses) is given, the input of these data takes place voluntarily. The use and payment of all offered services are permitted &#8211; if and so far technically possible and reasonable &#8211; without specification of any personal data or under specification of anonymized data or an alias. The use of published postal addresses, telephone or fax numbers and email addresses for marketing purposes is prohibited, offenders sending unwanted spam messages will be punished.<\/p>\n<p>5. Legal validity of this disclaimer<\/p>\n<p>This disclaimer is to be regarded as part of the internet publication which you were referred from. If sections or individual terms of this statement are not legal or correct, the content or validity of the other parts remain uninfluenced by this fact.<\/p>\n<p>&nbsp;<\/p>\n<p>&nbsp;<\/p>\n","protected":false},"excerpt":{"rendered":"<p>Pflichtangaben nach \u00a7 5 Telemediengesetz (TMG) und \u00a7 55 RStV Verantwortlich f\u00fcr den redaktionellen Inhalt und das Design dieser Website ist: REIMER WULF Fotograf Osterfeld [&#8230;]<\/p>\n","protected":false},"author":3,"featured_media":0,"parent":0,"menu_order":10,"comment_status":"open","ping_status":"open","template":"","meta":{"ngg_post_thumbnail":0,"footnotes":""},"class_list":["post-18","page","type-page","status-publish","hentry"],"_links":{"self":[{"href":"https:\/\/reimer-wulf.de\/news\/wp-json\/wp\/v2\/pages\/18","targetHints":{"allow":["GET"]}}],"collection":[{"href":"https:\/\/reimer-wulf.de\/news\/wp-json\/wp\/v2\/pages"}],"about":[{"href":"https:\/\/reimer-wulf.de\/news\/wp-json\/wp\/v2\/types\/page"}],"author":[{"embeddable":true,"href":"https:\/\/reimer-wulf.de\/news\/wp-json\/wp\/v2\/users\/3"}],"replies":[{"embeddable":true,"href":"https:\/\/reimer-wulf.de\/news\/wp-json\/wp\/v2\/comments?post=18"}],"version-history":[{"count":11,"href":"https:\/\/reimer-wulf.de\/news\/wp-json\/wp\/v2\/pages\/18\/revisions"}],"predecessor-version":[{"id":1261,"href":"https:\/\/reimer-wulf.de\/news\/wp-json\/wp\/v2\/pages\/18\/revisions\/1261"}],"wp:attachment":[{"href":"https:\/\/reimer-wulf.de\/news\/wp-json\/wp\/v2\/media?parent=18"}],"curies":[{"name":"wp","href":"https:\/\/api.w.org\/{rel}","templated":true}]}}